{"id":312,"date":"2020-11-17T10:15:55","date_gmt":"2020-11-17T10:15:55","guid":{"rendered":"https:\/\/bricoshop.xyz\/?page_id=312"},"modified":"2021-05-30T17:37:04","modified_gmt":"2021-05-30T17:37:04","slug":"cursuri-de-limbi-straine","status":"publish","type":"page","link":"https:\/\/alpha-educational.ro\/ro\/cursuri-de-limbi-straine\/","title":{"rendered":"Cursuri de limbi str\u0103ine"},"content":{"rendered":"\t\t<div data-elementor-type=\"wp-page\" data-elementor-id=\"312\" class=\"elementor elementor-312\">\n\t\t\t\t\t\t<div class=\"elementor-inner\">\n\t\t\t\t<div class=\"elementor-section-wrap\">\n\t\t\t\t\t\t\t\t\t<section class=\"ob-is-breaking-bad elementor-section elementor-top-section elementor-element elementor-element-211d62cf elementor-section-boxed elementor-section-height-default elementor-section-height-default\" data-id=\"211d62cf\" data-element_type=\"section\" data-settings=\"{&quot;background_background&quot;:&quot;classic&quot;,&quot;_ob_bbad_use_it&quot;:&quot;yes&quot;,&quot;_ob_bbad_sssic_use&quot;:&quot;no&quot;,&quot;_ob_glider_is_slider&quot;:&quot;no&quot;}\">\n\t\t\t\t\t\t<div class=\"elementor-container elementor-column-gap-default\">\n\t\t\t\t\t\t\t<div class=\"elementor-row\">\n\t\t\t\t\t<div class=\"elementor-column elementor-col-100 elementor-top-column elementor-element elementor-element-ccfabe3\" data-id=\"ccfabe3\" data-element_type=\"column\" data-settings=\"{&quot;_ob_bbad_is_stalker&quot;:&quot;no&quot;,&quot;_ob_teleporter_use&quot;:false,&quot;_ob_column_hoveranimator&quot;:&quot;no&quot;,&quot;_ob_column_has_pseudo&quot;:&quot;no&quot;}\">\n\t\t\t<div class=\"elementor-column-wrap elementor-element-populated\">\n\t\t\t\t\t\t\t<div class=\"elementor-widget-wrap\">\n\t\t\t\t\t\t<div class=\"elementor-element elementor-element-4928501 ob-harakiri-inherit ob-has-background-overlay elementor-widget elementor-widget-heading\" data-id=\"4928501\" data-element_type=\"widget\" data-settings=\"{&quot;_ob_use_harakiri&quot;:&quot;yes&quot;,&quot;_ob_harakiri_writing_mode&quot;:&quot;inherit&quot;,&quot;_ob_harakiri_text_clip&quot;:&quot;none&quot;,&quot;_ob_perspektive_use&quot;:&quot;no&quot;,&quot;_ob_poopart_use&quot;:&quot;yes&quot;,&quot;_ob_shadough_use&quot;:&quot;no&quot;,&quot;_ob_allow_hoveranimator&quot;:&quot;no&quot;,&quot;_ob_widget_stalker_use&quot;:&quot;no&quot;}\" data-widget_type=\"heading.default\">\n\t\t\t\t<div class=\"elementor-widget-container\">\n\t\t\t<h1 class=\"elementor-heading-title elementor-size-default\">Cursuri de Limbi Str\u0103ine<\/h1>\t\t<\/div>\n\t\t\t\t<\/div>\n\t\t\t\t\t\t<\/div>\n\t\t\t\t\t<\/div>\n\t\t<\/div>\n\t\t\t\t\t\t\t\t<\/div>\n\t\t\t\t\t<\/div>\n\t\t<\/section>\n\t\t\t\t<section class=\"ob-is-breaking-bad elementor-section elementor-top-section elementor-element elementor-element-0ec378b elementor-reverse-mobile elementor-section-boxed elementor-section-height-default elementor-section-height-default\" data-id=\"0ec378b\" data-element_type=\"section\" data-settings=\"{&quot;_ob_bbad_use_it&quot;:&quot;yes&quot;,&quot;_ob_bbad_sssic_use&quot;:&quot;no&quot;,&quot;_ob_glider_is_slider&quot;:&quot;no&quot;}\">\n\t\t\t\t\t\t<div class=\"elementor-container elementor-column-gap-default\">\n\t\t\t\t\t\t\t<div class=\"elementor-row\">\n\t\t\t\t\t<div class=\"elementor-column elementor-col-33 elementor-top-column elementor-element elementor-element-fadef2f\" data-id=\"fadef2f\" data-element_type=\"column\" data-settings=\"{&quot;_ob_bbad_is_stalker&quot;:&quot;no&quot;,&quot;_ob_teleporter_use&quot;:false,&quot;_ob_column_hoveranimator&quot;:&quot;no&quot;,&quot;_ob_column_has_pseudo&quot;:&quot;no&quot;}\">\n\t\t\t<div class=\"elementor-column-wrap elementor-element-populated\">\n\t\t\t\t\t\t\t<div class=\"elementor-widget-wrap\">\n\t\t\t\t\t\t<section class=\"ob-is-breaking-bad ob-bb-inner elementor-section elementor-inner-section elementor-element elementor-element-50650ba elementor-section-boxed elementor-section-height-default elementor-section-height-default\" data-id=\"50650ba\" data-element_type=\"section\" data-settings=\"{&quot;_ob_bbad_use_it&quot;:&quot;yes&quot;,&quot;_ob_bbad_sssic_use&quot;:&quot;no&quot;,&quot;_ob_glider_is_slider&quot;:&quot;no&quot;}\">\n\t\t\t\t\t\t<div class=\"elementor-container elementor-column-gap-default\">\n\t\t\t\t\t\t\t<div class=\"elementor-row\">\n\t\t\t\t\t<div class=\"elementor-column elementor-col-100 elementor-inner-column elementor-element elementor-element-7441e12\" data-id=\"7441e12\" data-element_type=\"column\" data-settings=\"{&quot;background_background&quot;:&quot;classic&quot;,&quot;_ob_bbad_is_stalker&quot;:&quot;no&quot;,&quot;_ob_teleporter_use&quot;:false,&quot;_ob_column_hoveranimator&quot;:&quot;no&quot;,&quot;_ob_column_has_pseudo&quot;:&quot;no&quot;}\">\n\t\t\t<div class=\"elementor-column-wrap elementor-element-populated\">\n\t\t\t\t\t\t\t<div class=\"elementor-widget-wrap\">\n\t\t\t\t\t\t<div class=\"elementor-element elementor-element-f83d987 ob-harakiri-inherit ob-has-background-overlay elementor-widget elementor-widget-heading\" data-id=\"f83d987\" data-element_type=\"widget\" data-settings=\"{&quot;_ob_use_harakiri&quot;:&quot;yes&quot;,&quot;_ob_harakiri_writing_mode&quot;:&quot;inherit&quot;,&quot;_ob_harakiri_text_clip&quot;:&quot;none&quot;,&quot;_ob_perspektive_use&quot;:&quot;no&quot;,&quot;_ob_poopart_use&quot;:&quot;yes&quot;,&quot;_ob_shadough_use&quot;:&quot;no&quot;,&quot;_ob_allow_hoveranimator&quot;:&quot;no&quot;,&quot;_ob_widget_stalker_use&quot;:&quot;no&quot;}\" data-widget_type=\"heading.default\">\n\t\t\t\t<div class=\"elementor-widget-container\">\n\t\t\t<h3 class=\"elementor-heading-title elementor-size-default\"><a href=\"https:\/\/alpha-educational.ro\/ro\/servicii-complete-de-traduceri\/\">Servicii Complete de Traduceri<\/a><\/h3>\t\t<\/div>\n\t\t\t\t<\/div>\n\t\t\t\t\t\t<\/div>\n\t\t\t\t\t<\/div>\n\t\t<\/div>\n\t\t\t\t\t\t\t\t<\/div>\n\t\t\t\t\t<\/div>\n\t\t<\/section>\n\t\t\t\t<section class=\"ob-is-breaking-bad ob-bb-inner elementor-section elementor-inner-section elementor-element elementor-element-2bd0e3d elementor-section-boxed elementor-section-height-default elementor-section-height-default\" data-id=\"2bd0e3d\" data-element_type=\"section\" data-settings=\"{&quot;_ob_bbad_use_it&quot;:&quot;yes&quot;,&quot;_ob_bbad_sssic_use&quot;:&quot;no&quot;,&quot;_ob_glider_is_slider&quot;:&quot;no&quot;}\">\n\t\t\t\t\t\t<div class=\"elementor-container elementor-column-gap-default\">\n\t\t\t\t\t\t\t<div class=\"elementor-row\">\n\t\t\t\t\t<div class=\"elementor-column elementor-col-100 elementor-inner-column elementor-element elementor-element-935a1a5\" data-id=\"935a1a5\" data-element_type=\"column\" data-settings=\"{&quot;background_background&quot;:&quot;classic&quot;,&quot;_ob_bbad_is_stalker&quot;:&quot;no&quot;,&quot;_ob_teleporter_use&quot;:false,&quot;_ob_column_hoveranimator&quot;:&quot;no&quot;,&quot;_ob_column_has_pseudo&quot;:&quot;no&quot;}\">\n\t\t\t<div class=\"elementor-column-wrap elementor-element-populated\">\n\t\t\t\t\t\t\t<div class=\"elementor-widget-wrap\">\n\t\t\t\t\t\t<div class=\"elementor-element elementor-element-53ded2e ob-harakiri-inherit ob-has-background-overlay elementor-widget elementor-widget-heading\" data-id=\"53ded2e\" data-element_type=\"widget\" data-settings=\"{&quot;_ob_use_harakiri&quot;:&quot;yes&quot;,&quot;_ob_harakiri_writing_mode&quot;:&quot;inherit&quot;,&quot;_ob_harakiri_text_clip&quot;:&quot;none&quot;,&quot;_ob_perspektive_use&quot;:&quot;no&quot;,&quot;_ob_poopart_use&quot;:&quot;yes&quot;,&quot;_ob_shadough_use&quot;:&quot;no&quot;,&quot;_ob_allow_hoveranimator&quot;:&quot;no&quot;,&quot;_ob_widget_stalker_use&quot;:&quot;no&quot;}\" data-widget_type=\"heading.default\">\n\t\t\t\t<div class=\"elementor-widget-container\">\n\t\t\t<h3 class=\"elementor-heading-title elementor-size-default\"><a href=\"https:\/\/alpha-educational.ro\/ro\/interpretariat\/\">Interpretariat<\/a><\/h3>\t\t<\/div>\n\t\t\t\t<\/div>\n\t\t\t\t\t\t<\/div>\n\t\t\t\t\t<\/div>\n\t\t<\/div>\n\t\t\t\t\t\t\t\t<\/div>\n\t\t\t\t\t<\/div>\n\t\t<\/section>\n\t\t\t\t<section class=\"ob-is-breaking-bad ob-bb-inner elementor-section elementor-inner-section elementor-element elementor-element-5894518 elementor-section-boxed elementor-section-height-default elementor-section-height-default\" data-id=\"5894518\" data-element_type=\"section\" data-settings=\"{&quot;_ob_bbad_use_it&quot;:&quot;yes&quot;,&quot;_ob_bbad_sssic_use&quot;:&quot;no&quot;,&quot;_ob_glider_is_slider&quot;:&quot;no&quot;}\">\n\t\t\t\t\t\t<div class=\"elementor-container elementor-column-gap-default\">\n\t\t\t\t\t\t\t<div class=\"elementor-row\">\n\t\t\t\t\t<div class=\"elementor-column elementor-col-100 elementor-inner-column elementor-element elementor-element-fac5afe ob-is-teleporter\" data-id=\"fac5afe\" data-element_type=\"column\" data-settings=\"{&quot;background_background&quot;:&quot;classic&quot;,&quot;_ob_teleporter_use&quot;:&quot;use-teleporter&quot;,&quot;_ob_bbad_is_stalker&quot;:&quot;no&quot;,&quot;_ob_teleporter_link&quot;:{&quot;url&quot;:&quot;https:\\\/\\\/alpha-educational.ro\\\/ro\\\/servicii-complete-de-traduceri\\\/&quot;,&quot;is_external&quot;:&quot;&quot;,&quot;nofollow&quot;:&quot;&quot;,&quot;custom_attributes&quot;:&quot;&quot;},&quot;_ob_teleporter_pass&quot;:false,&quot;_ob_column_hoveranimator&quot;:&quot;no&quot;,&quot;_ob_column_has_pseudo&quot;:&quot;no&quot;}\">\n\t\t\t<div class=\"elementor-column-wrap elementor-element-populated\">\n\t\t\t\t\t\t\t<div class=\"elementor-widget-wrap\">\n\t\t\t\t\t\t<div class=\"elementor-element elementor-element-da3ba75 ob-harakiri-inherit ob-has-background-overlay elementor-widget elementor-widget-heading\" data-id=\"da3ba75\" data-element_type=\"widget\" data-settings=\"{&quot;_ob_use_harakiri&quot;:&quot;yes&quot;,&quot;_ob_harakiri_writing_mode&quot;:&quot;inherit&quot;,&quot;_ob_harakiri_text_clip&quot;:&quot;none&quot;,&quot;_ob_perspektive_use&quot;:&quot;no&quot;,&quot;_ob_poopart_use&quot;:&quot;yes&quot;,&quot;_ob_shadough_use&quot;:&quot;no&quot;,&quot;_ob_allow_hoveranimator&quot;:&quot;no&quot;,&quot;_ob_widget_stalker_use&quot;:&quot;no&quot;}\" data-widget_type=\"heading.default\">\n\t\t\t\t<div class=\"elementor-widget-container\">\n\t\t\t<h3 class=\"elementor-heading-title elementor-size-default\"><a href=\"https:\/\/alpha-educational.ro\/ro\/cursuri-de-limbi-straine\/\">Cursuri de Limbi Str\u0103ine<\/a><\/h3>\t\t<\/div>\n\t\t\t\t<\/div>\n\t\t\t\t\t\t<\/div>\n\t\t\t\t\t<\/div>\n\t\t<\/div>\n\t\t\t\t\t\t\t\t<\/div>\n\t\t\t\t\t<\/div>\n\t\t<\/section>\n\t\t\t\t<section class=\"ob-is-breaking-bad ob-bb-inner elementor-section elementor-inner-section elementor-element elementor-element-b048f2c elementor-section-boxed elementor-section-height-default elementor-section-height-default\" data-id=\"b048f2c\" data-element_type=\"section\" data-settings=\"{&quot;_ob_bbad_use_it&quot;:&quot;yes&quot;,&quot;_ob_bbad_sssic_use&quot;:&quot;no&quot;,&quot;_ob_glider_is_slider&quot;:&quot;no&quot;}\">\n\t\t\t\t\t\t<div class=\"elementor-container elementor-column-gap-default\">\n\t\t\t\t\t\t\t<div class=\"elementor-row\">\n\t\t\t\t\t<div class=\"elementor-column elementor-col-100 elementor-inner-column elementor-element elementor-element-2305471\" data-id=\"2305471\" data-element_type=\"column\" data-settings=\"{&quot;background_background&quot;:&quot;classic&quot;,&quot;_ob_bbad_is_stalker&quot;:&quot;no&quot;,&quot;_ob_teleporter_use&quot;:false,&quot;_ob_column_hoveranimator&quot;:&quot;no&quot;,&quot;_ob_column_has_pseudo&quot;:&quot;no&quot;}\">\n\t\t\t<div class=\"elementor-column-wrap elementor-element-populated\">\n\t\t\t\t\t\t\t<div class=\"elementor-widget-wrap\">\n\t\t\t\t\t\t<div class=\"elementor-element elementor-element-596c7b5 ob-harakiri-inherit ob-has-background-overlay elementor-widget elementor-widget-heading\" data-id=\"596c7b5\" data-element_type=\"widget\" data-settings=\"{&quot;_ob_use_harakiri&quot;:&quot;yes&quot;,&quot;_ob_harakiri_writing_mode&quot;:&quot;inherit&quot;,&quot;_ob_harakiri_text_clip&quot;:&quot;none&quot;,&quot;_ob_perspektive_use&quot;:&quot;no&quot;,&quot;_ob_poopart_use&quot;:&quot;yes&quot;,&quot;_ob_shadough_use&quot;:&quot;no&quot;,&quot;_ob_allow_hoveranimator&quot;:&quot;no&quot;,&quot;_ob_widget_stalker_use&quot;:&quot;no&quot;}\" data-widget_type=\"heading.default\">\n\t\t\t\t<div class=\"elementor-widget-container\">\n\t\t\t<h3 class=\"elementor-heading-title elementor-size-default\"><a href=\"https:\/\/alpha-educational.ro\/ro\/certificare-ecl\/\">Certificare ECL<\/a><\/h3>\t\t<\/div>\n\t\t\t\t<\/div>\n\t\t\t\t\t\t<\/div>\n\t\t\t\t\t<\/div>\n\t\t<\/div>\n\t\t\t\t\t\t\t\t<\/div>\n\t\t\t\t\t<\/div>\n\t\t<\/section>\n\t\t\t\t\t\t<\/div>\n\t\t\t\t\t<\/div>\n\t\t<\/div>\n\t\t\t\t<div class=\"elementor-column elementor-col-66 elementor-top-column elementor-element elementor-element-85ffb5b\" data-id=\"85ffb5b\" data-element_type=\"column\" data-settings=\"{&quot;_ob_bbad_is_stalker&quot;:&quot;no&quot;,&quot;_ob_teleporter_use&quot;:false,&quot;_ob_column_hoveranimator&quot;:&quot;no&quot;,&quot;_ob_column_has_pseudo&quot;:&quot;no&quot;}\">\n\t\t\t<div class=\"elementor-column-wrap elementor-element-populated\">\n\t\t\t\t\t\t\t<div class=\"elementor-widget-wrap\">\n\t\t\t\t\t\t<section class=\"ob-is-breaking-bad ob-bb-inner elementor-section elementor-inner-section elementor-element elementor-element-18241bf2 elementor-section-boxed elementor-section-height-default elementor-section-height-default\" data-id=\"18241bf2\" data-element_type=\"section\" data-settings=\"{&quot;_ob_bbad_use_it&quot;:&quot;yes&quot;,&quot;_ob_bbad_sssic_use&quot;:&quot;no&quot;,&quot;_ob_glider_is_slider&quot;:&quot;no&quot;}\">\n\t\t\t\t\t\t<div class=\"elementor-container elementor-column-gap-default\">\n\t\t\t\t\t\t\t<div class=\"elementor-row\">\n\t\t\t\t\t<div class=\"elementor-column elementor-col-50 elementor-inner-column elementor-element elementor-element-404dfb12\" data-id=\"404dfb12\" data-element_type=\"column\" data-settings=\"{&quot;_ob_bbad_is_stalker&quot;:&quot;no&quot;,&quot;_ob_teleporter_use&quot;:false,&quot;_ob_column_hoveranimator&quot;:&quot;no&quot;,&quot;_ob_column_has_pseudo&quot;:&quot;no&quot;}\">\n\t\t\t<div class=\"elementor-column-wrap elementor-element-populated\">\n\t\t\t\t\t\t\t<div class=\"elementor-widget-wrap\">\n\t\t\t\t\t\t<div class=\"elementor-element elementor-element-39113db3 elementor-widget-divider--view-line ob-has-background-overlay elementor-widget elementor-widget-divider\" data-id=\"39113db3\" data-element_type=\"widget\" data-settings=\"{&quot;_ob_perspektive_use&quot;:&quot;no&quot;,&quot;_ob_poopart_use&quot;:&quot;yes&quot;,&quot;_ob_shadough_use&quot;:&quot;no&quot;,&quot;_ob_allow_hoveranimator&quot;:&quot;no&quot;,&quot;_ob_widget_stalker_use&quot;:&quot;no&quot;}\" data-widget_type=\"divider.default\">\n\t\t\t\t<div class=\"elementor-widget-container\">\n\t\t\t\t\t<div class=\"elementor-divider\">\n\t\t\t<span class=\"elementor-divider-separator\">\n\t\t\t\t\t\t<\/span>\n\t\t<\/div>\n\t\t\t\t<\/div>\n\t\t\t\t<\/div>\n\t\t\t\t\t\t<\/div>\n\t\t\t\t\t<\/div>\n\t\t<\/div>\n\t\t\t\t<div class=\"elementor-column elementor-col-50 elementor-inner-column elementor-element elementor-element-164d3d8\" data-id=\"164d3d8\" data-element_type=\"column\" data-settings=\"{&quot;_ob_bbad_is_stalker&quot;:&quot;no&quot;,&quot;_ob_teleporter_use&quot;:false,&quot;_ob_column_hoveranimator&quot;:&quot;no&quot;,&quot;_ob_column_has_pseudo&quot;:&quot;no&quot;}\">\n\t\t\t<div class=\"elementor-column-wrap elementor-element-populated\">\n\t\t\t\t\t\t\t<div class=\"elementor-widget-wrap\">\n\t\t\t\t\t\t<div class=\"elementor-element elementor-element-5f4a8279 ob-harakiri-inherit ob-has-background-overlay elementor-widget elementor-widget-heading\" data-id=\"5f4a8279\" data-element_type=\"widget\" data-settings=\"{&quot;_ob_use_harakiri&quot;:&quot;yes&quot;,&quot;_ob_harakiri_writing_mode&quot;:&quot;inherit&quot;,&quot;_ob_harakiri_text_clip&quot;:&quot;none&quot;,&quot;_ob_perspektive_use&quot;:&quot;no&quot;,&quot;_ob_poopart_use&quot;:&quot;yes&quot;,&quot;_ob_shadough_use&quot;:&quot;no&quot;,&quot;_ob_allow_hoveranimator&quot;:&quot;no&quot;,&quot;_ob_widget_stalker_use&quot;:&quot;no&quot;}\" data-widget_type=\"heading.default\">\n\t\t\t\t<div class=\"elementor-widget-container\">\n\t\t\t<h2 class=\"elementor-heading-title elementor-size-default\">Cursuri de limbi str\u0103ine<\/h2>\t\t<\/div>\n\t\t\t\t<\/div>\n\t\t\t\t\t\t<\/div>\n\t\t\t\t\t<\/div>\n\t\t<\/div>\n\t\t\t\t\t\t\t\t<\/div>\n\t\t\t\t\t<\/div>\n\t\t<\/section>\n\t\t\t\t<div class=\"elementor-element elementor-element-7ec585ac ob-harakiri-inherit ob-has-background-overlay elementor-widget elementor-widget-heading\" data-id=\"7ec585ac\" data-element_type=\"widget\" data-settings=\"{&quot;_ob_use_harakiri&quot;:&quot;yes&quot;,&quot;_ob_harakiri_writing_mode&quot;:&quot;inherit&quot;,&quot;_ob_harakiri_text_clip&quot;:&quot;none&quot;,&quot;_ob_perspektive_use&quot;:&quot;no&quot;,&quot;_ob_poopart_use&quot;:&quot;yes&quot;,&quot;_ob_shadough_use&quot;:&quot;no&quot;,&quot;_ob_allow_hoveranimator&quot;:&quot;no&quot;,&quot;_ob_widget_stalker_use&quot;:&quot;no&quot;}\" data-widget_type=\"heading.default\">\n\t\t\t\t<div class=\"elementor-widget-container\">\n\t\t\t<p class=\"elementor-heading-title elementor-size-default\">Cursuri personalizate de limbi st\u0103ine cu metod\u0103 unic\u0103 de predare \u0219i rezultate rapide<\/p>\t\t<\/div>\n\t\t\t\t<\/div>\n\t\t\t\t<div class=\"elementor-element elementor-element-68bc50f3 ob-harakiri-inherit ob-has-background-overlay elementor-widget elementor-widget-text-editor\" data-id=\"68bc50f3\" data-element_type=\"widget\" data-settings=\"{&quot;_ob_use_harakiri&quot;:&quot;yes&quot;,&quot;_ob_harakiri_writing_mode&quot;:&quot;inherit&quot;,&quot;_ob_postman_use&quot;:&quot;no&quot;,&quot;_ob_perspektive_use&quot;:&quot;no&quot;,&quot;_ob_poopart_use&quot;:&quot;yes&quot;,&quot;_ob_shadough_use&quot;:&quot;no&quot;,&quot;_ob_allow_hoveranimator&quot;:&quot;no&quot;,&quot;_ob_widget_stalker_use&quot;:&quot;no&quot;}\" data-widget_type=\"text-editor.default\">\n\t\t\t\t<div class=\"elementor-widget-container\">\n\t\t\t\t\t\t\t\t<div class=\"elementor-text-editor elementor-clearfix\">\n\t\t\t\t<p>Alpha Language Center \u00ee\u021bi este al\u0103turi \u0219i atunci c\u00e2nd \u00ee\u021bi dore\u0219ti s\u0103 le oferi angaja\u021bilor t\u0103i oportunitatea de a \u00eenv\u0103\u021ba sau de a-\u0219i perfec\u021biona abilitatea de a comunica \u00eentr-o limb\u0103 str\u0103in\u0103. Iar pentru c\u0103 ne dorim s\u0103 \u00ee\u021bi oferim servicii de top, am conceput programe speciale care \u00ee\u021bi asigur\u0103 una dintre cele mai bune experien\u021be de \u00eenv\u0103\u021bare disponibile, \u00een prezent, \u00een Rom\u00e2nia.<\/p>\n<p>\u0218tim c\u0103 timpul este o resurs\u0103 limitat\u0103 pe care trebuie s\u0103 o optimiz\u0103m, a\u0219a c\u0103 structura programelor este unic\u0103, permi\u021b\u00e2ndu-i participantului s\u0103 acumuleze un volum mare de informa\u021bii \u00eentr-o perioada scurt\u0103.<\/p>\n<p>\u00cen plus, trebuie s\u0103 \u0219tii c\u0103 Alpha Language Center este unul dintre pu\u021binele centre na\u021bionale de examinare acreditat ECL.<strong><br><\/strong><\/p>\n<p><strong>&nbsp;<\/strong><\/p>\n<p><strong>De ce s\u0103 alegi Alpha Language Center atunci c\u00e2nd ai nevoie de cursuri premium de limbi str\u0103ine?<\/strong><\/p>\n<ul>\n<li>Formatorii no\u0219tri sunt vorbitori nativi sau profesioni\u0219ti cu experien\u021b\u0103 \u00eentr-o gam\u0103 variat\u0103 de domenii profesionale;<\/li>\n<li>Ai la dispozi\u021bie un stil de predare original, axat pe atingerea rapid\u0103 a obiectivelor;<\/li>\n<li>Suntem flexibili \u0219i personaliz\u0103m fiecare curs astfel \u00eenc\u00e2t s\u0103 ne adapt\u0103m rapid la nevoile tale \u0219i ale angaja\u021bilor t\u0103i;<\/li>\n<li>Ne place nu doar s\u0103 ne ridic\u0103m la nivelul a\u0219tept\u0103rilor tale, ci s\u0103 le \u0219i dep\u0103\u0219im \u00een ceea ce prive\u0219te competen\u021ba, calitatea, profesionalismul \u0219i experien\u021ba noastr\u0103 \u00een training;<\/li>\n<li>Ne deplas\u0103m la sediu t\u0103u, indiferent de loca\u021bia acestuia, iar dac\u0103 \u00ee\u021bi dore\u0219ti s\u0103 ne cuno\u0219ti, po\u021bi ajunge rapid la noi deoarece sediul nostru se afl\u0103 \u00eentr-o zon\u0103 central\u0103 din Bucure\u0219ti.<\/li>\n<\/ul>\n<p><strong>&nbsp;<\/strong><\/p>\n<p><strong>Ce tipuri de cursuri \u00ee\u021bi ofer\u0103 Alpha Language Center?<\/strong><\/p>\n<p>La Alpha Language Center vei g\u0103si:<\/p>\n<ul>\n<li>cursuri de comunicare de afaceri \u00een limbi str\u0103ine;<\/li>\n<li>cursuri de specializare.<\/li>\n<\/ul>\n<p>\u00cen ceea ce prive\u0219te cursurile de COMUNICARE DE AFACERI \u00ceN LIMBI STR\u0102INE, acestea se deruleaz\u0103 \u00een 3 etape:<\/p>\n<ol>\n<li>Audit lingvistic \u2013 \u00een conformitate cu C.E.F. (Cadrul Comun European);<\/li>\n<li>Identificarea obiectivelor cheie \u00een vederea personaliz\u0103rii cursurilor;<\/li>\n<li>Realizarea de evalu\u0103ri progresive \u0219i finale, \u00eenso\u021bite de rapoarte detaliate cu privire la evolu\u021bia cursantului.<\/li>\n<\/ol>\n<p>Cursurile sunt adapte \u021bin\u00e2nd cont de urm\u0103toarele aspecte practice:<\/p>\n<ul>\n<li>Module flexibile: num\u0103rul de ore este stabilit \u00een func\u021bie de obiectivele beneficiarului;<\/li>\n<li>Structura cursurilor: grupe de 2-12 persoane sau individual;<\/li>\n<li>Loca\u021bie: la sediul companiei noastre sau al beneficiarului, indiferent de ora\u0219.<\/li>\n<\/ul>\n<p>Participan\u021bii la acestea vor avea numeroase beneficii:<\/p>\n<ul>\n<li>Dob\u00e2ndirea cuno\u0219tin\u021belor de limb\u0103 str\u0103in\u0103 \u0219i dezvoltarea capacit\u0103\u021bii de a le utiliza \u00een comunicare;<\/li>\n<li>Accesul la cuno\u0219tin\u021be cu relevan\u021b\u0103 practic\u0103 imediat\u0103 \u00een via\u021ba personal\u0103 \u0219i profesional\u0103;<\/li>\n<li>Dezvoltarea abilit\u0103\u021bilor practice de comunicare \u2013 vorbire, ascultare, citire \u0219i scriere;<\/li>\n<li>Participarea activ\u0103 la simul\u0103ri de situa\u021bii sociale \u0219i de afaceri;<\/li>\n<li>Dezvoltarea unui vocabular profesional \u0219i a unei pronun\u021bii adecvate;<\/li>\n<li>\u00cembun\u0103t\u0103\u021birea fluen\u021bei \u0219i complexit\u0103\u021bii \u00een exprimare;<\/li>\n<li>Cre\u0219terea \u00eencrederii \u00een capacit\u0103\u021bile personale de exprimare \u00een limbi str\u0103ine.<\/li>\n<\/ul>\n<p><br><\/p>\n<p>CURSURILE DE SPECIALIZARE se adreseaz\u0103 persoanelor care de\u021bin deja un nivel mediu de cuno\u0219tin\u021be \u00eentr-o limb\u0103 de circula\u021bie interna\u021bional\u0103 \u00eens\u0103 au nevoie sau \u00ee\u0219i doresc s\u0103 \u00ee\u021bi \u00eensu\u0219easc\u0103 sau s\u0103 \u00ee\u0219i dezvolte vocabularul specific domeniului de activitate.<\/p>\n<p>Este important de subliniat faptul c\u0103, \u00een cadrul acestora, nu se vor preda structuri lingvistice sau no\u021biuni de gramatic\u0103 a limbii str\u0103ine dorite. Accentul este pus pe scenarii din via\u021ba profesional\u0103 a cursantului.<\/p>\n<p>Pentru c\u0103 \u0219i \u00een acest caz ne dorim s\u0103 te ajut\u0103m s\u0103 faci fa\u021b\u0103 tuturor provoc\u0103rilor lingvistice, \u00ee\u021bi oferim cursuri de specializare \u00eentr-o gam\u0103 variat\u0103 de domenii: negociere, comunicare, contabilitate, financiar, juridic, inginerie, medical, achizi\u021bii, IT, industria petrolier\u0103, industria auto, marketing, logistic\u0103, computers&amp;internet, e-mailing, comunicare la telefon, realizare de prezent\u0103ri. Dac\u0103 am omis sfera ta de activitate, nu ezita s\u0103 ne contactezi. Vom g\u0103si solu\u021bia potrivit\u0103.<\/p>\n<div>&nbsp;<\/div>\n\n<p><strong>Ce metod\u0103 de predare este folosit\u0103?<\/strong><\/p>\n<p>Pentru a avea rezultate reale, \u00een timp scurt, am ales metoda conversa\u021bional\u0103 de predare \u2013 communicative approach. Aceasta se bazeaz\u0103 pe conversa\u021bie \u0219i pe situa\u021bii din via\u021ba real\u0103. Predarea, inclusiv no\u021biunile de gramatic\u0103, se face \u00een context.<\/p>\n<p>\u0218i tiparul planului de lec\u021bie este unul practic: PPP (Presentation, Production, Practice) sau TTT (Task, Teach, Task).<\/p>\t\t\t\t\t<\/div>\n\t\t\t\t\t\t<\/div>\n\t\t\t\t<\/div>\n\t\t\t\t\t\t<\/div>\n\t\t\t\t\t<\/div>\n\t\t<\/div>\n\t\t\t\t\t\t\t\t<\/div>\n\t\t\t\t\t<\/div>\n\t\t<\/section>\n\t\t\t\t\t\t\t\t\t<\/div>\n\t\t\t<\/div>\n\t\t\t\t\t<\/div>\n\t\t","protected":false},"excerpt":{"rendered":"<p>Cursuri de Limbi Str\u0103ine Servicii Complete de Traduceri Interpretariat Cursuri de Limbi Str\u0103ine Certificare ECL Cursuri de limbi str\u0103ine Cursuri personalizate de limbi st\u0103ine cu metod\u0103 unic\u0103 de predare \u0219i rezultate rapide Alpha Language Center \u00ee\u021bi este al\u0103turi \u0219i atunci c\u00e2nd \u00ee\u021bi dore\u0219ti s\u0103 le oferi angaja\u021bilor t\u0103i oportunitatea de a \u00eenv\u0103\u021ba sau de a-\u0219i [&hellip;]<\/p>\n","protected":false},"author":1,"featured_media":0,"parent":0,"menu_order":0,"comment_status":"closed","ping_status":"closed","template":"elementor_header_footer","meta":[],"_links":{"self":[{"href":"https:\/\/alpha-educational.ro\/ro\/wp-json\/wp\/v2\/pages\/312"}],"collection":[{"href":"https:\/\/alpha-educational.ro\/ro\/wp-json\/wp\/v2\/pages"}],"about":[{"href":"https:\/\/alpha-educational.ro\/ro\/wp-json\/wp\/v2\/types\/page"}],"author":[{"embeddable":true,"href":"https:\/\/alpha-educational.ro\/ro\/wp-json\/wp\/v2\/users\/1"}],"replies":[{"embeddable":true,"href":"https:\/\/alpha-educational.ro\/ro\/wp-json\/wp\/v2\/comments?post=312"}],"version-history":[{"count":68,"href":"https:\/\/alpha-educational.ro\/ro\/wp-json\/wp\/v2\/pages\/312\/revisions"}],"predecessor-version":[{"id":952,"href":"https:\/\/alpha-educational.ro\/ro\/wp-json\/wp\/v2\/pages\/312\/revisions\/952"}],"wp:attachment":[{"href":"https:\/\/alpha-educational.ro\/ro\/wp-json\/wp\/v2\/media?parent=312"}],"curies":[{"name":"wp","href":"https:\/\/api.w.org\/{rel}","templated":true}]}}